{"id":2089,"date":"2017-05-25T09:58:05","date_gmt":"2017-05-25T09:58:05","guid":{"rendered":"http:\/\/autotalleresbcn.com\/?page_id=2089"},"modified":"2017-06-05T14:58:14","modified_gmt":"2017-06-05T14:58:14","slug":"inicio","status":"publish","type":"page","link":"https:\/\/autotalleresbcn.com\/ca\/","title":{"rendered":"Inici"},"content":{"rendered":"<div class=\"content_box content-box-1 full-width\">\n<div class=\"row \">\n<div class=\"span4 \"><section class=\"lazy-load-box trigger effect-fade \" data-delay=\"200\" data-speed=\"600\" style=\"-webkit-transition: all 600ms ease; -moz-transition: all 600ms ease; -ms-transition: all 600ms ease; -o-transition: all 600ms ease; transition: all 600ms ease;\">\n<p><img loading=\"lazy\" decoding=\"async\" class=\"alignnone size-full wp-image-1936\" src=\"https:\/\/autotalleresbcn.com\/wp-content\/uploads\/2017\/05\/page1-img1-1.jpg\" alt=\"page1-img1\" width=\"370\" height=\"240\" \/><div class=\"title-box clearfix \"><h2 class=\"title-box_primary\">Prevenim<\/h2><h3 class=\"title-box_secondary\">Manteniment<\/h3><\/div><!-- \/\/.title-box -->\n<p>La millor cura per al seu vehicle i els seus ocupants \u00e9s la prevenci\u00f3 i el manteniment, en Autotalleres Barcelona podr\u00e0 estar segur.<\/p>\n<\/section><\/div>\n<div class=\"span4 \"><section class=\"lazy-load-box trigger effect-fade \" data-delay=\"400\" data-speed=\"600\" style=\"-webkit-transition: all 600ms ease; -moz-transition: all 600ms ease; -ms-transition: all 600ms ease; -o-transition: all 600ms ease; transition: all 600ms ease;\">\n<p><img loading=\"lazy\" decoding=\"async\" class=\"alignnone size-full wp-image-1936\" src=\"https:\/\/autotalleresbcn.com\/wp-content\/uploads\/2017\/05\/page1-img2-1.jpg\" alt=\"page1-img1\" width=\"370\" height=\"240\" \/><div class=\"title-box clearfix \"><h2 class=\"title-box_primary\">Vehicle<\/h2><h3 class=\"title-box_secondary\">substituci\u00f3<\/h3><\/div><!-- \/\/.title-box -->\n<p>No talli el seu dia a dia per portar el cotxe al taller, nosaltres ens encarreguem de proporcionar-li un altre, o de recollir i lliurar el seu on ens digui.<\/p>\n<\/section><\/div>\n<div class=\"span4 \"><section class=\"lazy-load-box trigger effect-fade \" data-delay=\"600\" data-speed=\"600\" style=\"-webkit-transition: all 600ms ease; -moz-transition: all 600ms ease; -ms-transition: all 600ms ease; -o-transition: all 600ms ease; transition: all 600ms ease;\">\n<p><img loading=\"lazy\" decoding=\"async\" class=\"alignnone size-full wp-image-1936\" src=\"https:\/\/autotalleresbcn.com\/wp-content\/uploads\/2017\/05\/page1-img3-1.jpg\" alt=\"page1-img1\" width=\"370\" height=\"240\" \/><div class=\"title-box clearfix \"><h2 class=\"title-box_primary\">Taller r\u00e0pid<\/h2><h3 class=\"title-box_secondary\">Servei<\/h3><\/div><!-- \/\/.title-box -->\n<p>No feu esperes per reparar una punxada, o canviar pneum\u00e0tics, la nostra pol\u00edtica de taller r\u00e0pid far\u00e0 que vost\u00e8 no perdi el seu temps.<\/p>\n<\/section><\/div>\n<\/div><!-- .row (end) -->\n<div class=\"clear\"><\/div><\/div><!-- .content_box (end) -->\n<div class=\"row \">\n<div class=\"span8 \"><div class=\"title-box clearfix top-indent\"><h2 class=\"title-box_primary\">Per a vost\u00e8<\/h2><h3 class=\"title-box_secondary\">tot el que el seu vehicle necessita:<\/h3><\/div><!-- \/\/.title-box -->\n<div class=\"row \">\n<div class=\"span4 \"><div class=\"list styled minus-list\">\n<ul>\n<li> Diagn\u00f2stic complet de motor<\/a><\/li>\n<li> An\u00e0lisi completa de seguretat<\/a><\/li>\n<li> Problemes amb la conducci\u00f3<\/a><\/li>\n<li> Configuraci\u00f3<\/a><\/li>\n<li> Canvi d'oli<\/a><\/li>\n<li> Rodes<\/a><\/li>\n<li> Sistema de frenat<\/a><\/li>\n<li> Silenciadors i fuites<\/a><\/li>\n<li> Direcci\u00f3 i suspensions<\/a><\/li>\n<\/ul>\n<\/div><\/div>\n<div class=\"span4 \"><div class=\"list styled minus-list\">\n<ul>\n<li>Sistemes de combustible<\/a><\/li>\n<li>Sistemes de refrigeraci\u00f3<\/a><\/li>\n<li>Verificador d'emissions<\/a><\/li>\n<li>Aire condicionat<\/a><\/li>\n<li>Sistemes el\u00e8ctrics<\/a><\/li>\n<li>Manteniment de flotes<\/a><\/li>\n<li>Treballs de motor<\/a><\/li>\n<li>Pre ITV<\/a><\/li>\n<p><Li> Alineaci\u00f3<\/a><\/li>\n<\/ul>\n<\/div><\/div>\n<\/div> <!-- .row (end) -->\n<div class=\"hr\"><\/div><!-- .hr (end) -->\n<div class=\"title-box clearfix \"><h2 class=\"title-box_primary\">Poqu\u00e9<\/h2><h3 class=\"title-box_secondary\">triar-nos<\/h3><\/div><!-- \/\/.title-box -->\n<div class=\"row \">\n<div class=\"span4 \"><img loading=\"lazy\" decoding=\"async\" class=\"alignnone size-full wp-image-1973\" src=\"https:\/\/autotalleresbcn.com\/wp-content\/uploads\/2017\/05\/page1-img4-1.jpg\" alt=\"page1-img4\" width=\"370\" height=\"240\" \/><\/div>\n<div class=\"span4 \"><h3>Per qu\u00e8 hem de ser el seu taller <\/h3>\n<p>Els nostres serveis de xapa general est\u00e0 realitzat per especialistes en reparacions de carrosseria, podem reparar qualsevol tipus de vehicle, turismes, furgonetes etc... Realitzem pressupostos sense comprom\u00eds l'hora de pintar el seu vehicle comptem amb els millors productes del mercat, donant garantia de per vida.<\/p><\/div>\n<\/div> <!-- .row (end) --><\/div>\n<div class=\"span4 \"><div class=\"content_box content-box-2 \">\n<div class=\"title-box clearfix \"><h2 class=\"title-box_primary\">Sobre<\/h2><h3 class=\"title-box_secondary\">nosaltres<\/h3><\/div><!-- \/\/.title-box -->\n<h3>Autotalleres Barcelona I Autotalleres Barcelona<\/h3>\n<p>Som dos tallers de cotxes associats, i especialitzats en planxisteria vehicles.<\/p>\n<p>Realitzem reparacions a cotxes, motos, furgonetes i petits camions de totes les marques. Treballem amb totes les companyies d'assegurances i som taller col\u00b7laborador oficial d'algunes asseguradores ...<\/p>\n<a href=\"http:\/\/autotalleresbcn.com\/sobre-nosotros\/\" title=\"Llegir m\u00e9s\" class=\"btn btn-primary btn-large btn-inline \" target=\"_self\">Llegir m\u00e9s<\/a><!-- .btn -->\n<div class=\"clear\"><\/div><\/div><!-- .content_box (end) -->\n<div class=\"service-box service-box-1\"><figure class=\"icon\"><i class=\"icon-time\"><\/i><\/figure><div class=\"service-box_body\"><h2 class=\"title\"><strong>Horari<\/strong> d'atenci\u00f3<\/h2><h5 class=\"sub-title\">I taller<\/h5><div class=\"service-box_txt\">De dilluns a divendres: De 8:00\u201313:30 i de: 15:00\u201319:00.<\/p>\n<p>Dissabtes i Diumenges tancat.<\/div><\/div><\/div><!-- \/Service Box --><\/div>\n<\/div><!-- .row (end) -->\n<div class=\"content_box content-box-3 \">\n<div><iframe loading=\"lazy\" style=\"border: 0;\" src=\"https:\/\/www.google.com\/maps\/embed?pb=!1m14!1m8!1m3!1d2990.9156025875263!2d2.1870609!3d41.4410529!3m2!1i1024!2i768!4f13.1!3m3!1m2!1s0x12a4bce752ca515f%3A0xa0a465d4d0149f40!2sEco-Car+Barcelona!5e0!3m2!1ses!2ses!4v1491413069695\" width=\"1170\" height=\"600\" frameborder=\"0\" allowfullscreen=\"allowfullscreen\"><\/iframe><\/div>\n<address>\n<\/address><!-- address (end) -->\n<div class=\"clear\"><\/div><\/div><!-- .content_box (end) -->","protected":false},"excerpt":{"rendered":"","protected":false},"author":1,"featured_media":0,"parent":0,"menu_order":0,"comment_status":"closed","ping_status":"closed","template":"page-home.php","meta":{"footnotes":""},"class_list":["post-2089","page","type-page","status-publish","hentry"],"_links":{"self":[{"href":"https:\/\/autotalleresbcn.com\/ca\/wp-json\/wp\/v2\/pages\/2089","targetHints":{"allow":["GET"]}}],"collection":[{"href":"https:\/\/autotalleresbcn.com\/ca\/wp-json\/wp\/v2\/pages"}],"about":[{"href":"https:\/\/autotalleresbcn.com\/ca\/wp-json\/wp\/v2\/types\/page"}],"author":[{"embeddable":true,"href":"https:\/\/autotalleresbcn.com\/ca\/wp-json\/wp\/v2\/users\/1"}],"replies":[{"embeddable":true,"href":"https:\/\/autotalleresbcn.com\/ca\/wp-json\/wp\/v2\/comments?post=2089"}],"version-history":[{"count":9,"href":"https:\/\/autotalleresbcn.com\/ca\/wp-json\/wp\/v2\/pages\/2089\/revisions"}],"predecessor-version":[{"id":2201,"href":"https:\/\/autotalleresbcn.com\/ca\/wp-json\/wp\/v2\/pages\/2089\/revisions\/2201"}],"wp:attachment":[{"href":"https:\/\/autotalleresbcn.com\/ca\/wp-json\/wp\/v2\/media?parent=2089"}],"curies":[{"name":"wp","href":"https:\/\/api.w.org\/{rel}","templated":true}]}}